{"id":1486,"date":"2022-06-10T19:22:20","date_gmt":"2022-06-10T19:22:20","guid":{"rendered":"https:\/\/dentevka.com\/hakkimizda\/"},"modified":"2025-04-24T10:32:09","modified_gmt":"2025-04-24T10:32:09","slug":"about-us","status":"publish","type":"page","link":"https:\/\/dentevka.com\/en\/about-us\/","title":{"rendered":"About Us"},"content":{"rendered":"\t\t<div data-elementor-type=\"wp-page\" data-elementor-id=\"1486\" class=\"elementor elementor-1486\" data-elementor-post-type=\"page\">\n\t\t\t\t\t\t<section class=\"elementor-section elementor-top-section elementor-element elementor-element-433d3c3b elementor-section-stretched elementor-section-boxed elementor-section-height-default elementor-section-height-default\" data-id=\"433d3c3b\" data-element_type=\"section\" data-e-type=\"section\" data-settings=\"{&quot;stretch_section&quot;:&quot;section-stretched&quot;}\">\n\t\t\t\t\t\t<div class=\"elementor-container elementor-column-gap-default\">\n\t\t\t\t\t<div class=\"elementor-column elementor-col-50 elementor-top-column elementor-element elementor-element-2ec804cd\" data-id=\"2ec804cd\" data-element_type=\"column\" data-e-type=\"column\">\n\t\t\t<div class=\"elementor-widget-wrap elementor-element-populated\">\n\t\t\t\t\t\t<div class=\"elementor-element elementor-element-7f8a77d3 elementor-widget elementor-widget-themedraft_section_title\" data-id=\"7f8a77d3\" data-element_type=\"widget\" data-e-type=\"widget\" data-widget_type=\"themedraft_section_title.default\">\n\t\t\t\t<div class=\"elementor-widget-container\">\n\t\t\t\t\t\n\t\t<div class=\"td-section-title-wrapper\">\n            <div class=\"td-section-title-content td-secondary-font\">\n                                    <div class=\"td-section-title-bg-text left\">\n                        Hakk\u0131m\u0131zda                    <\/div>\n                \n                                    <div class=\"td-section-subtitle td-primary-color\">\n                        DentEvka                    <\/div>\n                \n                                    <div class=\"td-section-title\">\n                        <h2>DentEvka<\/h2>                    <\/div>\n                                        <div class=\"title-bottom-line\" style=\"background-image: url(https:\/\/demo.themedraft.net\/wp\/doctio\/wp-content\/uploads\/2022\/06\/line-1.png)\"><\/div>\n                                                <\/div>\n\t\t<\/div>\n\t\t\t\t\t\t<\/div>\n\t\t\t\t<\/div>\n\t\t\t\t<div class=\"elementor-element elementor-element-6b2eb3ed elementor-widget elementor-widget-themedraft_text\" data-id=\"6b2eb3ed\" data-element_type=\"widget\" data-e-type=\"widget\" data-widget_type=\"themedraft_text.default\">\n\t\t\t\t<div class=\"elementor-widget-container\">\n\t\t\t\t\t\n\t\t<div class=\"td-text-wrapper\">\n\t\t\t<p>Dent Evka is a dental clinic located in the Bornova district of Izmir, offering modern and safe solutions for your dental health. Our clinic uses the latest dental technologies and provides a wide range of treatments for patients of all ages. Dent Evka offers services in various fields, including aesthetic dentistry, jaw surgery, implant applications, and pedodontics, with a team of specialists dedicated to each area.Alan\u0131nda deneyimli di\u015f hekimlerimiz ve sa\u011fl\u0131k profesyonellerimiz, di\u015f sa\u011fl\u0131\u011f\u0131n\u0131z ve estetik beklentileriniz do\u011frultusunda \u00f6zelle\u015ftirilmi\u015f tedavi planlar\u0131 sunmaktad\u0131r. Klini\u011fimizde, her t\u00fcrl\u00fc a\u011f\u0131z ve di\u015f sa\u011fl\u0131\u011f\u0131 problemini \u00e7\u00f6zmek i\u00e7in estetik ve fonksiyonel \u00e7\u00f6z\u00fcmler geli\u015ftirilmekte, hasta memnuniyeti her zaman \u00f6n planda tutulmaktad\u0131r.<br \/>Dent Evka olarak sa\u011fl\u0131\u011f\u0131n\u0131z\u0131 sadece tedavi etmekle kalm\u0131yor, ayn\u0131 zamanda uzun vadeli sa\u011fl\u0131kl\u0131 bir a\u011f\u0131z yap\u0131s\u0131n\u0131n olu\u015fmas\u0131n\u0131 sa\u011fl\u0131yoruz. \u0130mplant, \u00e7ene cerrahisi, ortodonti, pedodonti, endodonti ve periodontoloji gibi \u00e7e\u015fitli tedavi alanlar\u0131nda en g\u00fcncel y\u00f6ntemleri kullanarak sizlere g\u00fcvenli ve etkili \u00e7\u00f6z\u00fcmler sunuyoruz. Ayr\u0131ca, hastalar\u0131m\u0131z\u0131n konforunu g\u00f6z \u00f6n\u00fcnde bulundurarak, her tedavi s\u00fcrecinde en kaliteli hizmeti sa\u011fl\u0131yoruz.<\/p>\n            \t\t<\/div>\n\n\t\t\t\t\t\t<\/div>\n\t\t\t\t<\/div>\n\t\t\t\t<div class=\"elementor-element elementor-element-4a0a8e27 elementor-widget elementor-widget-themedraft_button_widget\" data-id=\"4a0a8e27\" data-element_type=\"widget\" data-e-type=\"widget\" data-widget_type=\"themedraft_button_widget.default\">\n\t\t\t\t<div class=\"elementor-widget-container\">\n\t\t\t\t\t\n\t\t<div class=\"themedraft-button-wrapper td-button-el-widget\">\n\t\t\t<a href=\"https:\/\/wa.me\/905354104444\" class=\"themedraft-button td-button themedraft-button-one\"  target=\"_blank\">Whatsapp                <i class=\"fas fa-plus\"><\/i>\n            <\/a>\n\n\t\t\t\n                \n                <a class=\"td-call-button\" href=\"tel:+905354104444\">\n                    <i class=\"flaticon-phone-call\"><\/i>\n                    <span class=\"td-call-button-text\">0535 410 44 44<\/span>\n                <\/a>\n                \t\t\t\t\t<\/div>\n\t\t\t\t\t\t<\/div>\n\t\t\t\t<\/div>\n\t\t\t\t\t<\/div>\n\t\t<\/div>\n\t\t\t\t<div class=\"elementor-column elementor-col-50 elementor-top-column elementor-element elementor-element-5ceb424b\" data-id=\"5ceb424b\" data-element_type=\"column\" data-e-type=\"column\">\n\t\t\t<div class=\"elementor-widget-wrap elementor-element-populated\">\n\t\t\t\t\t\t<div class=\"elementor-element elementor-element-d18b736 elementor-widget elementor-widget-image\" data-id=\"d18b736\" data-element_type=\"widget\" data-e-type=\"widget\" data-widget_type=\"image.default\">\n\t\t\t\t<div class=\"elementor-widget-container\">\n\t\t\t\t\t\t\t\t\t\t\t\t\t\t\t<img fetchpriority=\"high\" decoding=\"async\" width=\"683\" height=\"1024\" src=\"https:\/\/dentevka.com\/wp-content\/uploads\/2025\/04\/unnamed-1-683x1024.webp\" class=\"attachment-large size-large wp-image-1665\" alt=\"\" srcset=\"https:\/\/dentevka.com\/wp-content\/uploads\/2025\/04\/unnamed-1-683x1024.webp 683w, https:\/\/dentevka.com\/wp-content\/uploads\/2025\/04\/unnamed-1-200x300.webp 200w, https:\/\/dentevka.com\/wp-content\/uploads\/2025\/04\/unnamed-1-768x1152.webp 768w, https:\/\/dentevka.com\/wp-content\/uploads\/2025\/04\/unnamed-1-1024x1536.webp 1024w, https:\/\/dentevka.com\/wp-content\/uploads\/2025\/04\/unnamed-1.webp 1080w\" sizes=\"(max-width: 683px) 100vw, 683px\" \/>\t\t\t\t\t\t\t\t\t\t\t\t\t\t\t<\/div>\n\t\t\t\t<\/div>\n\t\t\t\t\t<\/div>\n\t\t<\/div>\n\t\t\t\t\t<\/div>\n\t\t<\/section>\n\t\t\t\t<\/div>\n\t\t","protected":false},"excerpt":{"rendered":"<p>Hakk\u0131m\u0131zda DentEvka DentEvka Dent Evka is a dental clinic located in the Bornova district of Izmir, offering modern and safe solutions for your dental health. Our clinic uses the latest dental technologies and provides a wide range of treatments for patients of all ages. Dent Evka offers services in various fields, including aesthetic dentistry, jaw [&hellip;]<\/p>\n","protected":false},"author":1,"featured_media":0,"parent":0,"menu_order":0,"comment_status":"closed","ping_status":"closed","template":"","meta":{"footnotes":""},"class_list":["post-1486","page","type-page","status-publish","hentry"],"_links":{"self":[{"href":"https:\/\/dentevka.com\/en\/wp-json\/wp\/v2\/pages\/1486","targetHints":{"allow":["GET"]}}],"collection":[{"href":"https:\/\/dentevka.com\/en\/wp-json\/wp\/v2\/pages"}],"about":[{"href":"https:\/\/dentevka.com\/en\/wp-json\/wp\/v2\/types\/page"}],"author":[{"embeddable":true,"href":"https:\/\/dentevka.com\/en\/wp-json\/wp\/v2\/users\/1"}],"replies":[{"embeddable":true,"href":"https:\/\/dentevka.com\/en\/wp-json\/wp\/v2\/comments?post=1486"}],"version-history":[{"count":7,"href":"https:\/\/dentevka.com\/en\/wp-json\/wp\/v2\/pages\/1486\/revisions"}],"predecessor-version":[{"id":1677,"href":"https:\/\/dentevka.com\/en\/wp-json\/wp\/v2\/pages\/1486\/revisions\/1677"}],"wp:attachment":[{"href":"https:\/\/dentevka.com\/en\/wp-json\/wp\/v2\/media?parent=1486"}],"curies":[{"name":"wp","href":"https:\/\/api.w.org\/{rel}","templated":true}]}}